{"id":52,"date":"2023-08-14T10:12:43","date_gmt":"2023-08-14T15:12:43","guid":{"rendered":"https:\/\/lujanmodels.com\/?page_id=52"},"modified":"2024-10-28T12:23:56","modified_gmt":"2024-10-28T17:23:56","slug":"inicio","status":"publish","type":"page","link":"https:\/\/lujanmodels.com\/","title":{"rendered":"inicio"},"content":{"rendered":"\n<div class=\"wp-block-nk-awb nk-awb\"><div class=\"nk-awb-wrap-content is-layout-flow wp-block-nk-awb-is-layout-flow\">\n<figure class=\"wp-block-video\"><video height=\"1920\" style=\"aspect-ratio: 1080 \/ 1920;\" width=\"1080\" autoplay controls loop muted src=\"https:\/\/lujanmodels.com\/wp-content\/uploads\/2023\/08\/rooms-floresta-1.mp4\" playsinline><\/video><\/figure>\n<\/div><\/div>\n\n\n\n<h2 class=\"wp-block-heading has-text-align-center\">Ser una modelo webcam en LUJAN MODELS<\/h2>\n\n\n\n<h3 class=\"wp-block-heading has-text-align-center\">Desarrollamos tu m\u00e1ximo potencial<\/h3>\n\n\n\n<p class=\"has-text-align-center\">Enfocados en desarrollar y fortalecer las habilidades y capacidades individuales, logrando un prop\u00f3sito en com\u00fan: crecimiento profesional y econ\u00f3mico.<\/p>\n\n\n\n<p><strong><a href=\"https:\/\/lujanmodels.com\/index.php\/sobre-nosotros\/\">\u00danete a Nuestra Comunidad<\/a><\/strong><\/p>\n\n\n\n<p>LUJAN MODELS es m\u00e1s que una agencia de modelaje Webcam: somos una comunidad de individuos apasionados por el crecimiento y el \u00e9xito. Si est\u00e1s listo para explorar tu potencial al m\u00e1ximo y ser parte de una experiencia de modelaje transformadora, \u00a1te damos la bienvenida a un viaje emocionante en LUJAN MODELS!<\/p>\n\n\n\n<h3 class=\"wp-block-heading\"><strong>Contacto<\/strong><\/h3>\n\n\n\n<p>\u00bfListo para dar el primer paso hacia tu futuro como modelo empoderado? Cont\u00e1ctanos en luxurystudioweb@gmail.com o ll\u00e1manos al [<strong>+57 301 802 1817<\/strong>]  Medell\u00edn \u2013 Colombia, para conocer m\u00e1s sobre c\u00f3mo podemos ayudarte a alcanzar tus metas en el mundo Webcam.<\/p>\n\n\n\n<h3 class=\"wp-block-heading\">Entrevista<\/h3>\n\n\n\n<p>Conoce nuestra sede empresarial y a nuestro equipo, aprender\u00e1s de que se trata esta profesi\u00f3n y como LUJAN MODELS te ayudara a lograr el \u00e9xito<\/p>\n\n\n\n<p><strong>Requisitos<\/strong><\/p>\n\n\n\n<ul class=\"wp-block-list\">\n<li>Solo trabajamos con mujeres<\/li>\n\n\n\n<li>Mayores de edad<\/li>\n\n\n\n<li>Tener actitud necesaria<\/li>\n<\/ul>\n\n\n\n<h3 class=\"wp-block-heading has-text-align-left\">Incentivos<\/h3>\n\n\n\n<ul class=\"wp-block-list\">\n<li>Bono adicional por mayor facturaci\u00f3n mensual.<\/li>\n\n\n\n<li>Acompa\u00f1amiento de las modelos con Psic\u00f3loga profesional con experiencia en el Modelaje Web Cam.<\/li>\n\n\n\n<li>Convenios con la alcald\u00eda de Medell\u00edn con programas para la salud sexual\u00a0 y reproductiva y de Salud Mental.<\/li>\n\n\n\n<li>Fotografo profesional David G\u00f3mez (ig @luminocromosis )<\/li>\n<\/ul>\n\n\n\n<h3 class=\"wp-block-heading\">Manejamos 3 turnos<\/h3>\n\n\n\n<ul class=\"wp-block-list\">\n<li>6 am a 2 pm<\/li>\n\n\n\n<li>2pm a 10 pm<\/li>\n\n\n\n<li>10 pm a 6 am<\/li>\n<\/ul>\n\n\n\n<h3 class=\"wp-block-heading\"><a href=\"https:\/\/lujanmodels.com\/index.php\/instalaciones\/\">INSTALACIONES<\/a> \ud83d\udc48<\/h3>\n\n\n\n<p>Conoce nuestras instalaciones en sede Floresta y sede san Javier <\/p>\n\n\n\n<p><\/p>\n\n\n\n<figure class=\"wp-block-video\"><video height=\"1920\" style=\"aspect-ratio: 1080 \/ 1920;\" width=\"1080\" autoplay loop muted poster=\"https:\/\/lujanmodels.com\/wp-content\/uploads\/2023\/08\/DSC0944-scaled.jpg\" src=\"https:\/\/lujanmodels.com\/wp-content\/uploads\/2023\/08\/rooms-san-javier-1.mp4\" playsinline><\/video><\/figure>\n","protected":false},"excerpt":{"rendered":"<p>Ser una modelo webcam en LUJAN MODELS Desarrollamos tu m\u00e1ximo potencial Enfocados en desarrollar y fortalecer las habilidades y capacidades individuales, logrando un prop\u00f3sito en com\u00fan: crecimiento profesional y econ\u00f3mico. \u00danete a Nuestra Comunidad LUJAN MODELS es m\u00e1s que una agencia de modelaje Webcam: somos una comunidad de individuos apasionados por el crecimiento y el &hellip; <\/p>\n<p class=\"link-more\"><a href=\"https:\/\/lujanmodels.com\/\" class=\"more-link\">Leer m\u00e1s<span class=\"screen-reader-text\"> \u00abinicio\u00bb<\/span><\/a><\/p>\n","protected":false},"author":1,"featured_media":0,"parent":0,"menu_order":0,"comment_status":"closed","ping_status":"closed","template":"","meta":{"footnotes":""},"class_list":["post-52","page","type-page","status-publish","hentry"],"jetpack_sharing_enabled":true,"_links":{"self":[{"href":"https:\/\/lujanmodels.com\/index.php\/wp-json\/wp\/v2\/pages\/52","targetHints":{"allow":["GET"]}}],"collection":[{"href":"https:\/\/lujanmodels.com\/index.php\/wp-json\/wp\/v2\/pages"}],"about":[{"href":"https:\/\/lujanmodels.com\/index.php\/wp-json\/wp\/v2\/types\/page"}],"author":[{"embeddable":true,"href":"https:\/\/lujanmodels.com\/index.php\/wp-json\/wp\/v2\/users\/1"}],"replies":[{"embeddable":true,"href":"https:\/\/lujanmodels.com\/index.php\/wp-json\/wp\/v2\/comments?post=52"}],"version-history":[{"count":18,"href":"https:\/\/lujanmodels.com\/index.php\/wp-json\/wp\/v2\/pages\/52\/revisions"}],"predecessor-version":[{"id":219,"href":"https:\/\/lujanmodels.com\/index.php\/wp-json\/wp\/v2\/pages\/52\/revisions\/219"}],"wp:attachment":[{"href":"https:\/\/lujanmodels.com\/index.php\/wp-json\/wp\/v2\/media?parent=52"}],"curies":[{"name":"wp","href":"https:\/\/api.w.org\/{rel}","templated":true}]}}